{"id":25,"date":"2022-09-17T15:39:23","date_gmt":"2022-09-17T15:39:23","guid":{"rendered":"https:\/\/quattro.hr\/?page_id=25"},"modified":"2026-02-18T15:14:52","modified_gmt":"2026-02-18T15:14:52","slug":"cijene","status":"publish","type":"page","link":"https:\/\/quattro.hr\/index.php\/cijene\/","title":{"rendered":"Cijene"},"content":{"rendered":"\n<p>Cijena B-kategorije iznosi:1.000,00 EUR<\/p>\n\n\n\n<p>Svim kandidatima nudimo ugovor bez devizne klauzule i bez klauzule o pove\u0107anju cijena auto\u0161kole za slu\u010daj rasta cijena goriva!&nbsp;To zna\u010di da u slu\u010daju promjene cijene te\u010daja valuta ili promjene cijene goriva, va\u0161a ugovorena cijena \u0107e ostati ista; dakle mi vam garantiramo da se ne\u0107e mijenjati.<\/p>\n\n\n\n<p>Pla\u0107anje prema dinamici obuke \u2013&nbsp; do 5 rata (gotovinske rate).&nbsp;&nbsp;&nbsp;&nbsp;&nbsp;&nbsp;&nbsp;&nbsp;&nbsp;&nbsp;&nbsp;&nbsp;&nbsp;&nbsp;&nbsp;&nbsp;&nbsp;&nbsp;&nbsp;&nbsp;&nbsp;&nbsp;&nbsp;&nbsp;&nbsp;&nbsp;&nbsp;&nbsp;&nbsp;&nbsp;&nbsp;&nbsp;&nbsp;&nbsp;&nbsp;&nbsp;&nbsp;&nbsp;&nbsp;&nbsp;&nbsp;&nbsp;&nbsp;&nbsp;&nbsp;&nbsp;&nbsp;&nbsp;&nbsp;&nbsp;&nbsp;&nbsp;&nbsp;&nbsp;&nbsp;&nbsp;&nbsp;&nbsp;&nbsp;&nbsp;&nbsp;&nbsp;&nbsp;&nbsp;&nbsp;&nbsp;&nbsp;&nbsp;&nbsp;&nbsp;&nbsp;&nbsp;&nbsp;&nbsp;&nbsp;&nbsp;&nbsp;&nbsp;&nbsp;&nbsp;&nbsp;&nbsp;&nbsp;&nbsp;&nbsp;&nbsp;&nbsp;&nbsp;<\/p>\n\n\n\n<p>Zna\u010di da se prva rata pla\u0107a pri upisu u auto\u0161kolu , a sve ostale rate se pla\u0107aju postupno u skladu sa poha\u0111anjem obuke.<\/p>\n\n\n\n<p>12 rata bez kamata \u2013 pla\u0107anje karticama (Amex, Diners, Zaba Master, Zaba Maestro, Zaba Viza)<\/p>\n\n\n\n<p>Pla\u0107anje karticama do 60 rata. Potro\u0161a\u010dki kredit.<\/p>\n\n\n\n<p><\/p>\n\n\n\n<p><strong><em>Za gotovinsko pla\u0107anje cijena auto\u0161kole iznosi: 950,00 EUR<\/em><\/strong><\/p>\n","protected":false},"excerpt":{"rendered":"<p>Cijena B-kategorije iznosi:1.000,00 EUR Svim kandidatima nudimo ugovor bez devizne klauzule i bez klauzule o pove\u0107anju cijena auto\u0161kole za slu\u010daj rasta cijena goriva!&nbsp;To zna\u010di da u slu\u010daju promjene cijene te\u010daja valuta ili promjene cijene goriva, va\u0161a ugovorena cijena \u0107e ostati ista; dakle mi vam garantiramo da se ne\u0107e mijenjati. Pla\u0107anje prema dinamici obuke \u2013&nbsp; do [&hellip;]<\/p>\n","protected":false},"author":2,"featured_media":66,"parent":0,"menu_order":0,"comment_status":"closed","ping_status":"closed","template":"","meta":{"footnotes":""},"class_list":["post-25","page","type-page","status-publish","has-post-thumbnail","czr-hentry"],"_links":{"self":[{"href":"https:\/\/quattro.hr\/index.php\/wp-json\/wp\/v2\/pages\/25","targetHints":{"allow":["GET"]}}],"collection":[{"href":"https:\/\/quattro.hr\/index.php\/wp-json\/wp\/v2\/pages"}],"about":[{"href":"https:\/\/quattro.hr\/index.php\/wp-json\/wp\/v2\/types\/page"}],"author":[{"embeddable":true,"href":"https:\/\/quattro.hr\/index.php\/wp-json\/wp\/v2\/users\/2"}],"replies":[{"embeddable":true,"href":"https:\/\/quattro.hr\/index.php\/wp-json\/wp\/v2\/comments?post=25"}],"version-history":[{"count":13,"href":"https:\/\/quattro.hr\/index.php\/wp-json\/wp\/v2\/pages\/25\/revisions"}],"predecessor-version":[{"id":265,"href":"https:\/\/quattro.hr\/index.php\/wp-json\/wp\/v2\/pages\/25\/revisions\/265"}],"wp:featuredmedia":[{"embeddable":true,"href":"https:\/\/quattro.hr\/index.php\/wp-json\/wp\/v2\/media\/66"}],"wp:attachment":[{"href":"https:\/\/quattro.hr\/index.php\/wp-json\/wp\/v2\/media?parent=25"}],"curies":[{"name":"wp","href":"https:\/\/api.w.org\/{rel}","templated":true}]}}